{"id":16755,"date":"2018-11-19T08:30:24","date_gmt":"2018-11-19T08:30:24","guid":{"rendered":"https:\/\/www.bodenbelaege-keller.ch\/parkett-fussboden-teppich-laminat\/?page_id=16755"},"modified":"2023-08-27T06:17:18","modified_gmt":"2023-08-27T06:17:18","slug":"unternehmen","status":"publish","type":"page","link":"https:\/\/www.bodenbelaege-keller.ch\/parkett-fussboden-teppich-laminat\/unternehmen\/","title":{"rendered":"Unternehmen"},"content":{"rendered":"<style type=\"text\/css\"> \n#cmsmasters_row_69e636a05a3ba .cmsmasters_row_outer_parent { \n\tpadding-top: 70px; \n} \n\n#cmsmasters_row_69e636a05a3ba .cmsmasters_row_outer_parent { \n\tpadding-bottom: 50px; \n} \n\n<\/style><div id=\"cmsmasters_row_69e636a05a3ba\" class=\"cmsmasters_row cmsmasters_color_scheme_default cmsmasters_row_top_default cmsmasters_row_bot_default cmsmasters_row_boxed\">\n<div class=\"cmsmasters_row_outer_parent\">\n<div class=\"cmsmasters_row_outer\">\n<div class=\"cmsmasters_row_inner\">\n<div class=\"cmsmasters_row_margin\">\n<div class=\"cmsmasters_column three_fourth\">\n<div class=\"cmsmasters_text\">\n<h1>Keller Bodenbel\u00e4ge AG<\/h1>\n<h3>\u00dcber 60 Jahre &#8211; das Fachunternehmen f\u00fcr Ihr zu Haus<\/h3>\n<p>&nbsp;<\/p>\n<\/div>\n<div class=\"cmsmasters_text\">\n<p>64 Jahre \u2013 das Fachunternehmen f\u00fcr Ihr Zuhause. Parkett ist ein edles und nat\u00fcrliches, nachwachsendes Produkt, das ein behagliches Raumklima schafft. Die Keller Bodenbel\u00e4ge AG erf\u00fcllt alle Kundenw\u00fcnsche.<\/p>\n<p>\u00abEin fachlich sauber verlegter Parkettboden kann ein Leben lang Freude bereiten\u00bb, sagte Hans Keller, der 1959 seine Einzelfirma f\u00fcr Bodenbel\u00e4ge gegr\u00fcndet hat. 1993 wurde das Unternehmen in eine Familien-AG mit den drei S\u00f6hnen umgewandelt. Ab 2023 ist die Keller Bodenbel\u00e4ge AG wieder ein, ein Mann Betrieb sowie mein Vater damit begonnen hat. \u00abIch verlege Parkett nach den individuellen W\u00fcnschen meiner Kunden und weiss auch wie man auf spezielle W\u00fcnsche eingeht und realisieren kann\u00bb<\/p>\n<p><strong>Schleifen, Versiegeln oder \u00d6len<\/strong><\/p>\n<p>Das fachgerechte Renovieren alter Parkettb\u00f6den oder Treppen mittels Schleifen, versiegeln oder \u00f6len geh\u00f6rt zum Kerngesch\u00e4ft der Keller Bodenbel\u00e4ge AG. \u00abDas Belegen von Betontreppen mit Parkett oder Massivholz ist eine unserer Spezialit\u00e4ten\u00bb, erl\u00e4utert Ren\u00e9 Keller. Hinzu kommen der Trockenaufbau von Untergrundkonstruktionen und das fachkundige Verlegen von Laminat, Teppichen, Linoleum, Kork, Novilon, Vinyl und PVC sowie Sockelarbeiten.<\/p>\n<p><strong>Die richtige Pflege<\/strong><\/p>\n<p>Was t\u00e4glich mit Schuhsohlen in Kontakt kommt, ben\u00f6tigt auch Pflege. Dies gilt f\u00fcr versiegelte und ge\u00f6lte Holzfussb\u00f6den. \u00abAm besten geeignet ist das nebelfeuchte Aufnehmen mit speziellen Reinigungs- und Pflegmitteln oder Saugen\u00bb, empfiehlt Ren\u00e9 Keller. \u00abNach Bedarf kann der Boden an viel genutzten Stellen mit Parkett Polish oder Pflege\u00f6l nachbehandelt werden\u00bb. Das Ausbessern von Kratzern oder Sch\u00e4digungen \u00fcberl\u00e4sst man hingegen besser dem Fachmann, so der Rat von Ren\u00e9 Keller.<\/p>\n<p>&nbsp;<\/p>\n<h3 style=\"color: green;\">Keller Bodenbel\u00e4ge AG<\/h3>\n<p>Ren\u00e9 Keller | Langfuristrasse 16 | 8548 Ellikon an der Thur<br \/>\nTelefon 052 375 15 10 | www.bodenbelaege-keller.ch<\/p>\n<\/div>\n<\/div>\n<div class=\"cmsmasters_column one_fourth\">\n<div class=\"custom_html\">\n<p style=\"text-align:right;\"><a href=\"javascript:history.back();\" title=\"zur\u00fcck\">\u00ab zur\u00fcck<\/a><\/p>\n<\/div>\n<div class=\"cmsmasters_img  cmsmasters_image_n with_caption mb20\">\n<img src=\"https:\/\/www.bodenbelaege-keller.ch\/parkett-fussboden-teppich-laminat\/wp-content\/uploads\/firmenwagen.jpg\" \/>\n<p class=\"cmsmasters_img_caption\">Keller Bodenbel\u00e4ge AG<\/p><\/div>\n<\/div>\n<\/div>\n<\/div>\n<\/div>\n<\/div>\n<\/div>\n\n","protected":false},"excerpt":{"rendered":"","protected":false},"author":6,"featured_media":0,"parent":0,"menu_order":0,"comment_status":"closed","ping_status":"open","template":"","meta":[],"_links":{"self":[{"href":"https:\/\/www.bodenbelaege-keller.ch\/parkett-fussboden-teppich-laminat\/wp-json\/wp\/v2\/pages\/16755"}],"collection":[{"href":"https:\/\/www.bodenbelaege-keller.ch\/parkett-fussboden-teppich-laminat\/wp-json\/wp\/v2\/pages"}],"about":[{"href":"https:\/\/www.bodenbelaege-keller.ch\/parkett-fussboden-teppich-laminat\/wp-json\/wp\/v2\/types\/page"}],"author":[{"embeddable":true,"href":"https:\/\/www.bodenbelaege-keller.ch\/parkett-fussboden-teppich-laminat\/wp-json\/wp\/v2\/users\/6"}],"replies":[{"embeddable":true,"href":"https:\/\/www.bodenbelaege-keller.ch\/parkett-fussboden-teppich-laminat\/wp-json\/wp\/v2\/comments?post=16755"}],"version-history":[{"count":5,"href":"https:\/\/www.bodenbelaege-keller.ch\/parkett-fussboden-teppich-laminat\/wp-json\/wp\/v2\/pages\/16755\/revisions"}],"predecessor-version":[{"id":21338,"href":"https:\/\/www.bodenbelaege-keller.ch\/parkett-fussboden-teppich-laminat\/wp-json\/wp\/v2\/pages\/16755\/revisions\/21338"}],"wp:attachment":[{"href":"https:\/\/www.bodenbelaege-keller.ch\/parkett-fussboden-teppich-laminat\/wp-json\/wp\/v2\/media?parent=16755"}],"curies":[{"name":"wp","href":"https:\/\/api.w.org\/{rel}","templated":true}]}}